{"id":54,"date":"2026-03-19T03:07:29","date_gmt":"2026-03-19T00:07:29","guid":{"rendered":"https:\/\/drerolcetinkaya.com\/?page_id=54"},"modified":"2026-03-19T03:12:33","modified_gmt":"2026-03-19T00:12:33","slug":"iletisim","status":"publish","type":"page","link":"https:\/\/drerolcetinkaya.com\/index.php\/iletisim\/","title":{"rendered":"\u0130LET\u0130\u015e\u0130M"},"content":{"rendered":"\n<p class=\"has-arimo-font-family\">Merhabalar. <\/p>\n\n\n\n<p class=\"has-arimo-font-family\">Bize telefon numaram\u0131z, eposta adresimiz ve fiziki adresimiz \u00fczerinden ula\u015fabilirsiniz.<\/p>\n\n\n\n<p class=\"has-arimo-font-family\"><strong>Telefon Numaram\u0131z:<\/strong> <a href=\"tel:5416904848\">(541) 690 48 48<\/a><\/p>\n\n\n\n<p class=\"has-arimo-font-family\"><strong>Elektronik Posta Adresimiz:<\/strong> <a href=\"mailto:drerolcetinkaya@gmail.com\" target=\"_blank\" rel=\"noreferrer noopener\">drerolcetinkaya@gmail.com<\/a><\/p>\n\n\n\n<p class=\"has-arimo-font-family\"><strong>Adresimiz: <\/strong>Diamond Residance, Atat\u00fcrk, Atat\u00fcrk Blv. No:131 Kat:2 D:6, 48600 Mu\u011fla<\/p>\n\n\n\n<p><iframe src=\"https:\/\/www.google.com\/maps\/embed?pb=!1m14!1m8!1m3!1d798.3127178349553!2d28.7694916!3d36.8364674!3m2!1i1024!2i768!4f13.1!3m3!1m2!1s0x14c07b00637852a3%3A0x2a010b60b6a7f2cd!2s%C3%87ocuk%20Doktoru%20Erol%20%C3%87etinkaya!5e0!3m2!1str!2sca!4v1773878857879!5m2!1str!2sca\" width=\"600\" height=\"450\" style=\"border:0;\" allowfullscreen=\"\" loading=\"lazy\" referrerpolicy=\"no-referrer-when-downgrade\"><\/iframe><\/p>\n\n\n\n<p><\/p>\n","protected":false},"excerpt":{"rendered":"<p>Merhabalar. Bize telefon numaram\u0131z, eposta adresimiz ve fiziki adresimiz \u00fczerinden ula\u015fabilirsiniz. Telefon Numaram\u0131z: (541) 690 48 48 Elektronik Posta Adresimiz: drerolcetinkaya@gmail.com Adresimiz: Diamond Residance, Atat\u00fcrk, Atat\u00fcrk Blv. No:131 Kat:2 D:6, 48600 Mu\u011fla<\/p>\n","protected":false},"author":1,"featured_media":28,"parent":0,"menu_order":0,"comment_status":"closed","ping_status":"closed","template":"","meta":{"footnotes":""},"class_list":["post-54","page","type-page","status-publish","has-post-thumbnail","hentry"],"_links":{"self":[{"href":"https:\/\/drerolcetinkaya.com\/index.php\/wp-json\/wp\/v2\/pages\/54","targetHints":{"allow":["GET"]}}],"collection":[{"href":"https:\/\/drerolcetinkaya.com\/index.php\/wp-json\/wp\/v2\/pages"}],"about":[{"href":"https:\/\/drerolcetinkaya.com\/index.php\/wp-json\/wp\/v2\/types\/page"}],"author":[{"embeddable":true,"href":"https:\/\/drerolcetinkaya.com\/index.php\/wp-json\/wp\/v2\/users\/1"}],"replies":[{"embeddable":true,"href":"https:\/\/drerolcetinkaya.com\/index.php\/wp-json\/wp\/v2\/comments?post=54"}],"version-history":[{"count":3,"href":"https:\/\/drerolcetinkaya.com\/index.php\/wp-json\/wp\/v2\/pages\/54\/revisions"}],"predecessor-version":[{"id":59,"href":"https:\/\/drerolcetinkaya.com\/index.php\/wp-json\/wp\/v2\/pages\/54\/revisions\/59"}],"wp:featuredmedia":[{"embeddable":true,"href":"https:\/\/drerolcetinkaya.com\/index.php\/wp-json\/wp\/v2\/media\/28"}],"wp:attachment":[{"href":"https:\/\/drerolcetinkaya.com\/index.php\/wp-json\/wp\/v2\/media?parent=54"}],"curies":[{"name":"wp","href":"https:\/\/api.w.org\/{rel}","templated":true}]}}