{"id":60,"date":"2026-03-19T03:42:04","date_gmt":"2026-03-19T00:42:04","guid":{"rendered":"https:\/\/drerolcetinkaya.com\/?page_id=60"},"modified":"2026-03-19T03:42:04","modified_gmt":"2026-03-19T00:42:04","slug":"hakkimda","status":"publish","type":"page","link":"https:\/\/drerolcetinkaya.com\/index.php\/hakkimda\/","title":{"rendered":"HAKKIMDA"},"content":{"rendered":"\n<p><\/p>\n\n\n\n<p class=\"has-arimo-font-family\">Uzman Doktor Erol \u00c7ET\u0130NKAYA 1983 y\u0131l\u0131nda Diyarbak\u0131r&#8217;da d\u00fcnyaya gelmi\u015ftir. \u0130lk ve orta\u00f6\u011frenimini Diyarbak\u0131r&#8217;da tamamlad\u0131ktan sonra Trakya \u00dcniversitesi T\u0131p Fak\u00fcltesinden mezun olarak t\u0131p doktorlu\u011fu  \u00fcnvan\u0131n\u0131 almaya hak kazanm\u0131\u015ft\u0131r. Yine Trakya \u00dcniversitesinde \u00c7ocuk Sa\u011fl\u0131\u011f\u0131 ve Hastal\u0131klar\u0131 uzmanl\u0131k b\u00f6l\u00fcm\u00fcn\u00fc bitirerek Uzman Doktor \u00fcnvan\u0131n\u0131 kazanm\u0131\u015ft\u0131r. Mu\u011fla S\u0131tk\u0131 Ko\u00e7man \u00dcniversitesi E\u011fitim ve Ara\u015ft\u0131rma Hastanesindeki g\u00f6revinden sonra Ortaca Devlet Hastanesi Ba\u015fhekimli\u011fi g\u00f6revlerini ba\u015far\u0131yla icra etmi\u015f ve takibinde kendi iste\u011fi ile muayenehanesinde \u00f6zel sa\u011fl\u0131k hizmeti vermeye ba\u015flam\u0131\u015ft\u0131r. \u0130l\u00e7emiz \u00e7ocuk hekimlerinden Petek \u00c7ET\u0130NKAYA han\u0131mefendi ile evli olup iki erkek \u00e7ocuk babas\u0131d\u0131r.  <\/p>\n\n\n\n<p><\/p>\n\n\n\n<p>\u00d6ZGE\u00c7M\u0130\u015e<\/p>\n\n\n\n<p><strong>Ad\u0131 Soyad\u0131:<\/strong> Erol \u00c7etinkaya<\/p>\n\n\n\n<p><strong>Do\u011fum Tarihi ve yeri:<\/strong> 14.03.1983 \/ Diyarbak\u0131r, Evli<\/p>\n\n\n\n<p><strong>Cep Telefonu: <\/strong>0 536 975 79 56<\/p>\n\n\n\n<p><strong>E-mail:<\/strong> drerolcetinkaya@gmail.com<\/p>\n\n\n\n<p><\/p>\n\n\n\n<p><strong>Yabanc\u0131 Dil:<\/strong> \u0130ngilizce \u00d6SYM TUS Yabanc\u0131 Dil S\u0131nav\u0131: 62<\/p>\n\n\n\n<p><strong>\u00d6\u011frenim Durumu:<\/strong><\/p>\n\n\n\n<figure class=\"wp-block-table\"><table class=\"has-fixed-layout\"><tbody><tr><td><strong>Derece<\/strong><\/td><td><strong>B\u00f6l\u00fcm\/Program<\/strong><\/td><td><strong>\u00dcniversite<\/strong><\/td><td><strong>Y\u0131l<\/strong><\/td><\/tr><tr><td>Lisans<\/td><td>&nbsp;T\u0131p Fak\u00fcltesi<\/td><td>Trakya&nbsp; \u00dcniversitesi<\/td><td>2007<\/td><\/tr><tr><td>Doktora\/S.Yeterlik\/ T\u0131pta Uzmanl\u0131k<\/td><td>\u00c7ocuk Sa\u011fl\u0131\u011f\u0131 ve Hastal\u0131klar\u0131<\/td><td>Trakya \u00dcniversitesi<\/td><td>2012<\/td><\/tr><\/tbody><\/table><\/figure>\n\n\n\n<p><strong>G\u00f6revler:<\/strong><\/p>\n\n\n\n<figure class=\"wp-block-table\"><table class=\"has-fixed-layout\"><tbody><tr><td><strong>G\u00f6rev Unvan\u0131<\/strong><\/td><td>G\u00f6rev Yeri<\/td><td><strong>Y\u0131l<\/strong><\/td><\/tr><tr><td>Dr.<\/td><td>Muratl\u0131 2. Nolu Sa\u011fl\u0131k Oca\u011f\u0131<\/td><td>2007-2009<\/td><\/tr><tr><td>Dr.Ar.G\u00f6r.<\/td><td>&nbsp;Trakya \u00dcniversitesi<\/td><td>2009-2013<\/td><\/tr><tr><td>Uzman Dr.<\/td><td>Mu\u011fla S\u0131tk\u0131 Ko\u00e7man \u00dcniversitesi E\u011fitim ve Ara\u015ft\u0131rma Hastanesi <\/td><td>2014-2019<\/td><\/tr><tr><td>Ba\u015f Hekim<\/td><td>Ortaca Devlet Hastanesi<\/td><td>2019-2025<\/td><\/tr><\/tbody><\/table><\/figure>\n\n\n\n<p><strong>Ald\u0131\u011f\u0131 sertifikalar:<\/strong><\/p>\n\n\n\n<figure class=\"wp-block-table\"><table class=\"has-fixed-layout\"><tbody><tr><td><strong>G\u00f6rev Unvan\u0131<\/strong><\/td><td>&nbsp;<\/td><td><strong>Y\u0131l<\/strong><\/td><\/tr><tr><td>      Dr.<\/td><td>Aile hekimli\u011fi sertifika program\u0131<\/td><td>2008<\/td><\/tr><tr><td>&nbsp;&nbsp;&nbsp;&nbsp;&nbsp; Dr.<\/td><td>&nbsp;Temel ya\u015fam e\u011fitimi<\/td><td>2008<\/td><\/tr><tr><td>&nbsp;&nbsp;&nbsp;&nbsp;&nbsp; Dr.<\/td><td>\u00c7ocuklarda ileri ya\u015fam deste\u011fi<\/td><td>2008<\/td><\/tr><\/tbody><\/table><\/figure>\n","protected":false},"excerpt":{"rendered":"<p>Uzman Doktor Erol \u00c7ET\u0130NKAYA 1983 y\u0131l\u0131nda Diyarbak\u0131r&#8217;da d\u00fcnyaya gelmi\u015ftir. \u0130lk ve orta\u00f6\u011frenimini Diyarbak\u0131r&#8217;da tamamlad\u0131ktan sonra Trakya \u00dcniversitesi T\u0131p Fak\u00fcltesinden mezun olarak t\u0131p doktorlu\u011fu \u00fcnvan\u0131n\u0131 almaya hak kazanm\u0131\u015ft\u0131r. Yine Trakya \u00dcniversitesinde \u00c7ocuk Sa\u011fl\u0131\u011f\u0131 ve Hastal\u0131klar\u0131 uzmanl\u0131k b\u00f6l\u00fcm\u00fcn\u00fc bitirerek Uzman Doktor \u00fcnvan\u0131n\u0131 kazanm\u0131\u015ft\u0131r. Mu\u011fla S\u0131tk\u0131 Ko\u00e7man \u00dcniversitesi E\u011fitim ve Ara\u015ft\u0131rma Hastanesindeki g\u00f6revinden sonra Ortaca Devlet Hastanesi Ba\u015fhekimli\u011fi [&hellip;]<\/p>\n","protected":false},"author":1,"featured_media":28,"parent":0,"menu_order":0,"comment_status":"closed","ping_status":"closed","template":"","meta":{"footnotes":""},"class_list":["post-60","page","type-page","status-publish","has-post-thumbnail","hentry"],"_links":{"self":[{"href":"https:\/\/drerolcetinkaya.com\/index.php\/wp-json\/wp\/v2\/pages\/60","targetHints":{"allow":["GET"]}}],"collection":[{"href":"https:\/\/drerolcetinkaya.com\/index.php\/wp-json\/wp\/v2\/pages"}],"about":[{"href":"https:\/\/drerolcetinkaya.com\/index.php\/wp-json\/wp\/v2\/types\/page"}],"author":[{"embeddable":true,"href":"https:\/\/drerolcetinkaya.com\/index.php\/wp-json\/wp\/v2\/users\/1"}],"replies":[{"embeddable":true,"href":"https:\/\/drerolcetinkaya.com\/index.php\/wp-json\/wp\/v2\/comments?post=60"}],"version-history":[{"count":2,"href":"https:\/\/drerolcetinkaya.com\/index.php\/wp-json\/wp\/v2\/pages\/60\/revisions"}],"predecessor-version":[{"id":70,"href":"https:\/\/drerolcetinkaya.com\/index.php\/wp-json\/wp\/v2\/pages\/60\/revisions\/70"}],"wp:featuredmedia":[{"embeddable":true,"href":"https:\/\/drerolcetinkaya.com\/index.php\/wp-json\/wp\/v2\/media\/28"}],"wp:attachment":[{"href":"https:\/\/drerolcetinkaya.com\/index.php\/wp-json\/wp\/v2\/media?parent=60"}],"curies":[{"name":"wp","href":"https:\/\/api.w.org\/{rel}","templated":true}]}}