{"id":64,"date":"2026-03-19T03:27:46","date_gmt":"2026-03-19T00:27:46","guid":{"rendered":"https:\/\/drerolcetinkaya.com\/?page_id=64"},"modified":"2026-03-19T03:29:24","modified_gmt":"2026-03-19T00:29:24","slug":"randevu","status":"publish","type":"page","link":"https:\/\/drerolcetinkaya.com\/index.php\/randevu\/","title":{"rendered":"RANDEVU"},"content":{"rendered":"\n<blockquote class=\"wp-block-quote is-layout-flow wp-block-quote-is-layout-flow\">\n<p><\/p>\n\n\n\n<p>De\u011ferli dan\u0131\u015fanlar\u0131m\u0131z, online rezervasyon yapmak ve takipte bulunmak i\u00e7in Bulut Klinik sistemini kullanabilirsiniz.<\/p>\n\n\n\n<p>Klini\u011fimize ait Bulut Klinik Sistemi linki i\u00e7in l\u00fctfen <a href=\"https:\/\/bulutklinik.com\/uzm-dr-petek-uzay-cetinkaya\" target=\"_blank\" rel=\"noreferrer noopener\">TIKLAYINIZ.<\/a><\/p>\n\n\n\n<p><\/p>\n<\/blockquote>\n\n\n\n<p><\/p>\n","protected":false},"excerpt":{"rendered":"<p>De\u011ferli dan\u0131\u015fanlar\u0131m\u0131z, online rezervasyon yapmak ve takipte bulunmak i\u00e7in Bulut Klinik sistemini kullanabilirsiniz. Klini\u011fimize ait Bulut Klinik Sistemi linki i\u00e7in l\u00fctfen TIKLAYINIZ.<\/p>\n","protected":false},"author":1,"featured_media":0,"parent":0,"menu_order":0,"comment_status":"closed","ping_status":"closed","template":"","meta":{"footnotes":""},"class_list":["post-64","page","type-page","status-publish","hentry"],"_links":{"self":[{"href":"https:\/\/drerolcetinkaya.com\/index.php\/wp-json\/wp\/v2\/pages\/64","targetHints":{"allow":["GET"]}}],"collection":[{"href":"https:\/\/drerolcetinkaya.com\/index.php\/wp-json\/wp\/v2\/pages"}],"about":[{"href":"https:\/\/drerolcetinkaya.com\/index.php\/wp-json\/wp\/v2\/types\/page"}],"author":[{"embeddable":true,"href":"https:\/\/drerolcetinkaya.com\/index.php\/wp-json\/wp\/v2\/users\/1"}],"replies":[{"embeddable":true,"href":"https:\/\/drerolcetinkaya.com\/index.php\/wp-json\/wp\/v2\/comments?post=64"}],"version-history":[{"count":2,"href":"https:\/\/drerolcetinkaya.com\/index.php\/wp-json\/wp\/v2\/pages\/64\/revisions"}],"predecessor-version":[{"id":67,"href":"https:\/\/drerolcetinkaya.com\/index.php\/wp-json\/wp\/v2\/pages\/64\/revisions\/67"}],"wp:attachment":[{"href":"https:\/\/drerolcetinkaya.com\/index.php\/wp-json\/wp\/v2\/media?parent=64"}],"curies":[{"name":"wp","href":"https:\/\/api.w.org\/{rel}","templated":true}]}}